{"id":1202,"date":"2021-03-21T10:35:29","date_gmt":"2021-03-21T10:35:29","guid":{"rendered":"https:\/\/sos-lipoedema.pl\/?page_id=1202"},"modified":"2023-07-19T15:24:21","modified_gmt":"2023-07-19T15:24:21","slug":"cennik-konsultacje-dietetyczne","status":"publish","type":"page","link":"https:\/\/sos-lipoedema.pl\/?page_id=1202","title":{"rendered":"Cennik &#8211; konsultacje dietetyczne"},"content":{"rendered":"\t\t<div data-elementor-type=\"wp-page\" data-elementor-id=\"1202\" class=\"elementor elementor-1202\" data-elementor-post-type=\"page\">\n\t\t\t\t\t\t<section class=\"elementor-section elementor-top-section elementor-element elementor-element-c7df9a2 elementor-section-boxed elementor-section-height-default elementor-section-height-default\" data-id=\"c7df9a2\" data-element_type=\"section\" data-e-type=\"section\">\n\t\t\t\t\t\t<div class=\"elementor-container elementor-column-gap-default\">\n\t\t\t\t\t<div class=\"elementor-column elementor-col-100 elementor-top-column elementor-element elementor-element-5166b56\" data-id=\"5166b56\" data-element_type=\"column\" data-e-type=\"column\">\n\t\t\t<div class=\"elementor-widget-wrap elementor-element-populated\">\n\t\t\t\t\t\t<div class=\"elementor-element elementor-element-42eb4fa elementor-widget elementor-widget-image\" data-id=\"42eb4fa\" data-element_type=\"widget\" data-e-type=\"widget\" data-widget_type=\"image.default\">\n\t\t\t\t<div class=\"elementor-widget-container\">\n\t\t\t\t\t\t\t\t\t\t\t\t\t\t\t<img fetchpriority=\"high\" decoding=\"async\" width=\"1024\" height=\"683\" src=\"https:\/\/sos-lipoedema.pl\/wp-content\/uploads\/2021\/03\/brooke-lark-HlNcigvUi4Q-unsplash-1024x683.jpg\" class=\"attachment-large size-large wp-image-1204\" alt=\"\" srcset=\"https:\/\/sos-lipoedema.pl\/wp-content\/uploads\/2021\/03\/brooke-lark-HlNcigvUi4Q-unsplash-1024x683.jpg 1024w, https:\/\/sos-lipoedema.pl\/wp-content\/uploads\/2021\/03\/brooke-lark-HlNcigvUi4Q-unsplash-300x200.jpg 300w, https:\/\/sos-lipoedema.pl\/wp-content\/uploads\/2021\/03\/brooke-lark-HlNcigvUi4Q-unsplash-768x512.jpg 768w, https:\/\/sos-lipoedema.pl\/wp-content\/uploads\/2021\/03\/brooke-lark-HlNcigvUi4Q-unsplash-1536x1024.jpg 1536w, https:\/\/sos-lipoedema.pl\/wp-content\/uploads\/2021\/03\/brooke-lark-HlNcigvUi4Q-unsplash-1140x760.jpg 1140w, https:\/\/sos-lipoedema.pl\/wp-content\/uploads\/2021\/03\/brooke-lark-HlNcigvUi4Q-unsplash.jpg 1920w\" sizes=\"(max-width: 1024px) 100vw, 1024px\" \/>\t\t\t\t\t\t\t\t\t\t\t\t\t\t\t<\/div>\n\t\t\t\t<\/div>\n\t\t\t\t\t<\/div>\n\t\t<\/div>\n\t\t\t\t\t<\/div>\n\t\t<\/section>\n\t\t\t\t<section class=\"elementor-section elementor-top-section elementor-element elementor-element-9a4ab07 elementor-section-boxed elementor-section-height-default elementor-section-height-default\" data-id=\"9a4ab07\" data-element_type=\"section\" data-e-type=\"section\">\n\t\t\t\t\t\t<div class=\"elementor-container elementor-column-gap-default\">\n\t\t\t\t\t<div class=\"elementor-column elementor-col-100 elementor-top-column elementor-element elementor-element-63382ae\" data-id=\"63382ae\" data-element_type=\"column\" data-e-type=\"column\">\n\t\t\t<div class=\"elementor-widget-wrap elementor-element-populated\">\n\t\t\t\t\t\t<div class=\"elementor-element elementor-element-b526289 elementor-widget elementor-widget-text-editor\" data-id=\"b526289\" data-element_type=\"widget\" data-e-type=\"widget\" data-widget_type=\"text-editor.default\">\n\t\t\t\t<div class=\"elementor-widget-container\">\n\t\t\t\t\t\t\t\t\t<h5><strong>PAKIET DIETETYCZNY START &#8211; 650,00 z\u0142<\/strong><\/h5><p>Wa\u017cno\u015b\u0107 <span style=\"text-decoration: underline;\">rozpocz\u0119cia<\/span> pakietu: <b>30 dni od daty pierwszej konsultacji<\/b><\/p><p align=\"justify\"><i>Co zawiera pakiet?<\/i><\/p><ul style=\"line-height: 2;\"><li>pierwsza konsultacja diagnostyczna (poprzez videopo\u0142\u0105czenie lub telefonicznie), czas trwania: 30-90 minut,<\/li><li>om\u00f3wienie wywiadu zdrowotno-\u017cywieniowego,<\/li><li>analiza przypadku pacjenta,<\/li><li>om\u00f3wienie nawyk\u00f3w i b\u0142\u0119d\u00f3w \u017cywieniowych,<\/li><li>skierowanie na badania specjalistyczne,<\/li><li>interpretacja wynik\u00f3w bada\u0144,<\/li><li>skierowanie do lekarza specjalisty (je\u015bli jest taka potrzeba),<\/li><li>ustalenie strategii \u017cywieniowych dostosowanych do potrzeb zdrowotnych pacjenta,<\/li><li>7-dniowy indywidualny jad\u0142ospis, uwzgl\u0119dniaj\u0105cy wszystkie potrzeby zdrowotne oraz preferencje smakowe pacjenta. Pacjent kontynuuje korzystanie z jad\u0142ospisu do konsultacji kontrolnej po 4 tygodniach (w uzasadnionych przypadkach konsultacja kontrolna mo\u017ce odby\u0107 si\u0119 wcze\u015bniej), je\u015bli pacjent nie potrzebuje jad\u0142ospisu\u00a0<span style=\"font-size: 11.0pt; line-height: 107%; font-family: 'Calibri',sans-serif; mso-ascii-theme-font: minor-latin; mso-fareast-font-family: Calibri; mso-fareast-theme-font: minor-latin; mso-hansi-theme-font: minor-latin; mso-bidi-font-family: 'Times New Roman'; mso-bidi-theme-font: minor-bidi; mso-ansi-language: PL; mso-fareast-language: EN-US; mso-bidi-language: AR-SA;\">\u2013<\/span>\u00a0dietetyk daje zalecenia \u017cywieniowe i uczy obs\u0142ugi aplikacji do liczenia kalorii, np. Fitatu,<\/li><li>Plan suplementacyjny,<\/li><li>Sta\u0142y kontakt mailowy z dietetykiem w trakcie trwania pakietu.<\/li><\/ul><p><i><span style=\"font-weight: 400;\">Podczas pierwszej konsultacji pacjent zostaje um\u00f3wiony na konsultacj\u0119 kontroln\u0105 po oko\u0142o 4 tygodniach od wprowadzenia zalece\u0144\/jad\u0142ospisu &#8211; termin konsultacji kontrolnej jest terminem rozpocz\u0119cia \u201cpakietu kontynuacja\u201d.<\/span><\/i><\/p>\t\t\t\t\t\t\t\t<\/div>\n\t\t\t\t<\/div>\n\t\t\t\t\t<\/div>\n\t\t<\/div>\n\t\t\t\t\t<\/div>\n\t\t<\/section>\n\t\t\t\t<section class=\"elementor-section elementor-top-section elementor-element elementor-element-4bbc82b elementor-section-boxed elementor-section-height-default elementor-section-height-default\" data-id=\"4bbc82b\" data-element_type=\"section\" data-e-type=\"section\">\n\t\t\t\t\t\t<div class=\"elementor-container elementor-column-gap-default\">\n\t\t\t\t\t<div class=\"elementor-column elementor-col-100 elementor-top-column elementor-element elementor-element-cd887e0\" data-id=\"cd887e0\" data-element_type=\"column\" data-e-type=\"column\">\n\t\t\t<div class=\"elementor-widget-wrap elementor-element-populated\">\n\t\t\t\t\t\t<div class=\"elementor-element elementor-element-81efc40 elementor-widget elementor-widget-image\" data-id=\"81efc40\" data-element_type=\"widget\" data-e-type=\"widget\" data-widget_type=\"image.default\">\n\t\t\t\t<div class=\"elementor-widget-container\">\n\t\t\t\t\t\t\t\t\t\t\t\t\t\t\t<img decoding=\"async\" width=\"1024\" height=\"766\" src=\"https:\/\/sos-lipoedema.pl\/wp-content\/uploads\/2021\/03\/brooke-lark-lcZ9NxhOSlo-unsplash-1024x766.jpg\" class=\"attachment-large size-large wp-image-1205\" alt=\"\" srcset=\"https:\/\/sos-lipoedema.pl\/wp-content\/uploads\/2021\/03\/brooke-lark-lcZ9NxhOSlo-unsplash-1024x766.jpg 1024w, https:\/\/sos-lipoedema.pl\/wp-content\/uploads\/2021\/03\/brooke-lark-lcZ9NxhOSlo-unsplash-300x225.jpg 300w, https:\/\/sos-lipoedema.pl\/wp-content\/uploads\/2021\/03\/brooke-lark-lcZ9NxhOSlo-unsplash-768x575.jpg 768w, https:\/\/sos-lipoedema.pl\/wp-content\/uploads\/2021\/03\/brooke-lark-lcZ9NxhOSlo-unsplash-1536x1150.jpg 1536w, https:\/\/sos-lipoedema.pl\/wp-content\/uploads\/2021\/03\/brooke-lark-lcZ9NxhOSlo-unsplash-1140x853.jpg 1140w, https:\/\/sos-lipoedema.pl\/wp-content\/uploads\/2021\/03\/brooke-lark-lcZ9NxhOSlo-unsplash.jpg 1920w\" sizes=\"(max-width: 1024px) 100vw, 1024px\" \/>\t\t\t\t\t\t\t\t\t\t\t\t\t\t\t<\/div>\n\t\t\t\t<\/div>\n\t\t\t\t\t<\/div>\n\t\t<\/div>\n\t\t\t\t\t<\/div>\n\t\t<\/section>\n\t\t\t\t<section class=\"elementor-section elementor-top-section elementor-element elementor-element-7a1191f elementor-section-boxed elementor-section-height-default elementor-section-height-default\" data-id=\"7a1191f\" data-element_type=\"section\" data-e-type=\"section\">\n\t\t\t\t\t\t<div class=\"elementor-container elementor-column-gap-default\">\n\t\t\t\t\t<div class=\"elementor-column elementor-col-100 elementor-top-column elementor-element elementor-element-4bd214b\" data-id=\"4bd214b\" data-element_type=\"column\" data-e-type=\"column\">\n\t\t\t<div class=\"elementor-widget-wrap elementor-element-populated\">\n\t\t\t\t\t\t<div class=\"elementor-element elementor-element-7f8f609 elementor-widget elementor-widget-text-editor\" data-id=\"7f8f609\" data-element_type=\"widget\" data-e-type=\"widget\" data-widget_type=\"text-editor.default\">\n\t\t\t\t<div class=\"elementor-widget-container\">\n\t\t\t\t\t\t\t\t\t<h4>PAKIET<strong> KONTYNUACJA \u2013 450,00 z\u0142<\/strong><\/h4><p><i>Kolejne 30 dni, dla pacjentek, kt\u00f3re rozpocz\u0119\u0142y wsp\u00f3\u0142prac\u0119 poprzez PAKIET STARTOWY<\/i><\/p><ul style=\"line-height: 2;\"><li>7 dni nowego jad\u0142ospisu <b>(je\u015bli pacjent nie chce jad\u0142ospisu \u2013\u00a0zalecenia \u017cywieniowe i nauka obs\u0142ugi aplikacji np. Fitatu),<\/b><\/li><li>skierowanie na badania \u00a0i ich om\u00f3wienie &#8211; je\u015bli zachodzi potrzeba wykonania bada\u0144 kontrolnych,<\/li><li><span style=\"font-weight: 400;\">ewentualne zmiany w suplementacji &#8211; je\u015bli zachodzi taka potrzeba,<\/span><\/li><li>sta\u0142y kontakt mailowy w trakcie trwania pakietu z dietetykiem.<\/li><\/ul><h4><strong>OFERTA BEZ PAKIETU &#8211; pojedyncze us\u0142ugi:<\/strong><\/h4><ul style=\"line-height: 2;\"><li>Porada dietetyka \u2013 30-60 minut \u2013<strong> 300 z\u0142<\/strong><\/li><li>Porada uwzgl\u0119dniaj\u0105ca om\u00f3wienie wynik\u00f3w bada\u0144 \u2013 30-60 minut \u2013 <strong>350 z\u0142<\/strong><\/li><li>Jad\u0142ospis indywidualny 7-dniowy\u00a0 \u2013 <b>300 z\u0142 <i><span style=\"font-weight: 400;\">\u00a0(tylko dla pacjent\u00f3w, kt\u00f3rzy wcze\u015bniej korzystali z konsultacji)<\/span><\/i><\/b><\/li><li>Zalecenia \u017cywieniowe \u2013 <b>200 z\u0142 <i><span style=\"font-weight: 400;\">\u00a0(tylko dla pacjent\u00f3w, kt\u00f3rzy wcze\u015bniej korzystali z konsultacji)<\/span><\/i><\/b><\/li><li>Plan suplementacyjny\u00a0\u2013<b> 150z\u0142 <i><span style=\"font-weight: 400;\">\u00a0(tylko dla pacjent\u00f3w, kt\u00f3rzy wcze\u015bniej korzystali z konsultacji)<\/span><\/i><\/b><\/li><\/ul><div align=\"justify\"><b>* Nowy cennik obowi\u0105zuje od dnia 19.07.2023\u00a0<\/b><br \/><b>jest to pierwsza podwy\u017cka cennika od 15.07.2021<\/b><\/div>\t\t\t\t\t\t\t\t<\/div>\n\t\t\t\t<\/div>\n\t\t\t\t\t<\/div>\n\t\t<\/div>\n\t\t\t\t\t<\/div>\n\t\t<\/section>\n\t\t\t\t<section class=\"elementor-section elementor-top-section elementor-element elementor-element-4817704 elementor-section-boxed elementor-section-height-default elementor-section-height-default\" data-id=\"4817704\" data-element_type=\"section\" data-e-type=\"section\">\n\t\t\t\t\t\t<div class=\"elementor-container elementor-column-gap-default\">\n\t\t\t\t\t<div class=\"elementor-column elementor-col-100 elementor-top-column elementor-element elementor-element-4a50462\" data-id=\"4a50462\" data-element_type=\"column\" data-e-type=\"column\">\n\t\t\t<div class=\"elementor-widget-wrap elementor-element-populated\">\n\t\t\t\t\t\t<div class=\"elementor-element elementor-element-db8cabb elementor-widget elementor-widget-image\" data-id=\"db8cabb\" data-element_type=\"widget\" data-e-type=\"widget\" data-widget_type=\"image.default\">\n\t\t\t\t<div class=\"elementor-widget-container\">\n\t\t\t\t\t\t\t\t\t\t\t\t\t\t\t<img decoding=\"async\" width=\"1024\" height=\"683\" src=\"https:\/\/sos-lipoedema.pl\/wp-content\/uploads\/2021\/03\/eaters-collective-12eHC6FxPyg-unsplash-1024x683.jpg\" class=\"attachment-large size-large wp-image-1206\" alt=\"\" srcset=\"https:\/\/sos-lipoedema.pl\/wp-content\/uploads\/2021\/03\/eaters-collective-12eHC6FxPyg-unsplash-1024x683.jpg 1024w, https:\/\/sos-lipoedema.pl\/wp-content\/uploads\/2021\/03\/eaters-collective-12eHC6FxPyg-unsplash-300x200.jpg 300w, https:\/\/sos-lipoedema.pl\/wp-content\/uploads\/2021\/03\/eaters-collective-12eHC6FxPyg-unsplash-768x512.jpg 768w, https:\/\/sos-lipoedema.pl\/wp-content\/uploads\/2021\/03\/eaters-collective-12eHC6FxPyg-unsplash-1536x1025.jpg 1536w, https:\/\/sos-lipoedema.pl\/wp-content\/uploads\/2021\/03\/eaters-collective-12eHC6FxPyg-unsplash-1140x761.jpg 1140w, https:\/\/sos-lipoedema.pl\/wp-content\/uploads\/2021\/03\/eaters-collective-12eHC6FxPyg-unsplash.jpg 1920w\" sizes=\"(max-width: 1024px) 100vw, 1024px\" \/>\t\t\t\t\t\t\t\t\t\t\t\t\t\t\t<\/div>\n\t\t\t\t<\/div>\n\t\t\t\t<div class=\"elementor-element elementor-element-585b2c0 elementor-widget elementor-widget-text-editor\" data-id=\"585b2c0\" data-element_type=\"widget\" data-e-type=\"widget\" data-widget_type=\"text-editor.default\">\n\t\t\t\t<div class=\"elementor-widget-container\">\n\t\t\t\t\t\t\t\t\t<h2 align=\"center\">DIETETYCZKI<\/h2>\n<div align=\"center\">\n<h5><b><i>Magdalena Jerzak:<\/i><\/b><\/h5>\n<h5><a href=\"mailto:magdalena@sos-lipoedema.pl\">magdalena@sos-lipoedema.pl<\/a><\/h5>\n<div>\n<h5><b><i>Beata Bry\u015b:<\/i><\/b><\/h5>\n\n<h5>\u00a0<a href=\"mailto:beata@sos-lipoedema.pl\">beata@sos-lipoedema.pl<\/a><\/h5>\n<h5>tel.: 515 994 886<\/h5>\n<\/div>\n<\/div>\t\t\t\t\t\t\t\t<\/div>\n\t\t\t\t<\/div>\n\t\t\t\t\t<\/div>\n\t\t<\/div>\n\t\t\t\t\t<\/div>\n\t\t<\/section>\n\t\t\t\t<section class=\"elementor-section elementor-top-section elementor-element elementor-element-1669730 elementor-section-boxed elementor-section-height-default elementor-section-height-default\" data-id=\"1669730\" data-element_type=\"section\" data-e-type=\"section\">\n\t\t\t\t\t\t<div class=\"elementor-container elementor-column-gap-default\">\n\t\t\t\t\t<div class=\"elementor-column elementor-col-100 elementor-top-column elementor-element elementor-element-092a5a8\" data-id=\"092a5a8\" data-element_type=\"column\" data-e-type=\"column\">\n\t\t\t<div class=\"elementor-widget-wrap\">\n\t\t\t\t\t\t\t<\/div>\n\t\t<\/div>\n\t\t\t\t\t<\/div>\n\t\t<\/section>\n\t\t\t\t<section class=\"elementor-section elementor-top-section elementor-element elementor-element-90ee9ef elementor-section-boxed elementor-section-height-default elementor-section-height-default\" data-id=\"90ee9ef\" data-element_type=\"section\" data-e-type=\"section\">\n\t\t\t\t\t\t<div class=\"elementor-container elementor-column-gap-default\">\n\t\t\t\t\t<div class=\"elementor-column elementor-col-100 elementor-top-column elementor-element elementor-element-9d38905\" data-id=\"9d38905\" data-element_type=\"column\" data-e-type=\"column\">\n\t\t\t<div class=\"elementor-widget-wrap elementor-element-populated\">\n\t\t\t\t\t\t<div class=\"elementor-element elementor-element-f07cf5f elementor-widget elementor-widget-text-editor\" data-id=\"f07cf5f\" data-element_type=\"widget\" data-e-type=\"widget\" data-widget_type=\"text-editor.default\">\n\t\t\t\t<div class=\"elementor-widget-container\">\n\t\t\t\t\t\t\t\t\t<h3 align=\"center\"><b>Gwarancja sukcesu<\/b><\/h3>\n<p style=\"line-height: 2;\" align=justify>Dietetyk nie ponosi odpowiedzialno\u015bci za niezastosowanie si\u0119 \u015bci\u015ble do zalece\u0144 i wskaza\u0144 przez pacjenta. Samowolne dzia\u0142anie pacjenta, w spos\u00f3b inny ni\u017c zaplanowany mo\u017ce powodowa\u0107 brak widzialnych efekt\u00f3w.<\/p>\n\n<h3 align=\"center\"><b>Fakty i nauka<\/b><\/h3>\n\n<p style=\"line-height: 2;\" align=justify>Dietetycy poradni SOS-LIPOEDEMA pracuj\u0105 tylko i wy\u0142\u0105cznie na podstawie oficjalnych i aktualnych doniesie\u0144 i wskaza\u0144 naukowych, dotycz\u0105cych \u017cywienia w lipodemii oraz innych jednostkach chorobowych.<\/p>\n\n<h3 align=\"center\"><b>Koszt wsp\u00f3\u0142pracy<\/b><\/h3>\n\n<p style=\"line-height: 2;\" align=justify>Koszt wsp\u00f3\u0142pracy wynika z zaanga\u017cowania czasowego dietetyka, kt\u00f3re po\u015bwi\u0119ca ka\u017cdemu pacjentowi oraz z koszt\u00f3w sta\u0142ej edukacji i rozwoju specjalisty. Dietetycy poradni SOS-LIPOEDEMA kieruj\u0105 si\u0119 zasad\u0105 \u201cJAKO\u015a\u0106 nie ILO\u015a\u0106\u201d oraz bardzo indywidualnym podej\u015bciem do ka\u017cdego pacjenta. Konsultacje opieraj\u0105 si\u0119 o wykonane przez pacjent\u00f3w badania diagnostyczne, edukacj\u0119 \u017cywieniow\u0105 pacjenta a przygotowywane jad\u0142ospisy i zalecenia \u017cywieniowe s\u0105 \u201cdietoterapi\u0105 szyt\u0105 na miar\u0119\u201d. Specjali\u015bci poradni SOS-LIPOEDEMA stale si\u0119 dokszta\u0142caj\u0105 i podnosz\u0105 swoje kompetencje, zar\u00f3wno w Polsce jak i za granic\u0105.<\/p>\t\t\t\t\t\t\t\t<\/div>\n\t\t\t\t<\/div>\n\t\t\t\t\t<\/div>\n\t\t<\/div>\n\t\t\t\t\t<\/div>\n\t\t<\/section>\n\t\t\t\t<section class=\"elementor-section elementor-top-section elementor-element elementor-element-c6498b5 elementor-section-boxed elementor-section-height-default elementor-section-height-default\" data-id=\"c6498b5\" data-element_type=\"section\" data-e-type=\"section\">\n\t\t\t\t\t\t<div class=\"elementor-container elementor-column-gap-default\">\n\t\t\t\t\t<div class=\"elementor-column elementor-col-100 elementor-top-column elementor-element elementor-element-71c2108\" data-id=\"71c2108\" data-element_type=\"column\" data-e-type=\"column\">\n\t\t\t<div class=\"elementor-widget-wrap elementor-element-populated\">\n\t\t\t\t\t\t<div class=\"elementor-element elementor-element-04e82f6 elementor-widget elementor-widget-image\" data-id=\"04e82f6\" data-element_type=\"widget\" data-e-type=\"widget\" data-widget_type=\"image.default\">\n\t\t\t\t<div class=\"elementor-widget-container\">\n\t\t\t\t\t\t\t\t\t\t\t\t\t\t\t<img loading=\"lazy\" decoding=\"async\" width=\"1024\" height=\"683\" src=\"https:\/\/sos-lipoedema.pl\/wp-content\/uploads\/2021\/03\/ella-olsson-C1Q3qOTlegg-unsplash-1024x683.jpg\" class=\"attachment-large size-large wp-image-1217\" alt=\"\" srcset=\"https:\/\/sos-lipoedema.pl\/wp-content\/uploads\/2021\/03\/ella-olsson-C1Q3qOTlegg-unsplash-1024x683.jpg 1024w, https:\/\/sos-lipoedema.pl\/wp-content\/uploads\/2021\/03\/ella-olsson-C1Q3qOTlegg-unsplash-300x200.jpg 300w, https:\/\/sos-lipoedema.pl\/wp-content\/uploads\/2021\/03\/ella-olsson-C1Q3qOTlegg-unsplash-768x512.jpg 768w, https:\/\/sos-lipoedema.pl\/wp-content\/uploads\/2021\/03\/ella-olsson-C1Q3qOTlegg-unsplash-1536x1024.jpg 1536w, https:\/\/sos-lipoedema.pl\/wp-content\/uploads\/2021\/03\/ella-olsson-C1Q3qOTlegg-unsplash-1140x760.jpg 1140w, https:\/\/sos-lipoedema.pl\/wp-content\/uploads\/2021\/03\/ella-olsson-C1Q3qOTlegg-unsplash.jpg 1920w\" sizes=\"(max-width: 1024px) 100vw, 1024px\" \/>\t\t\t\t\t\t\t\t\t\t\t\t\t\t\t<\/div>\n\t\t\t\t<\/div>\n\t\t\t\t\t<\/div>\n\t\t<\/div>\n\t\t\t\t\t<\/div>\n\t\t<\/section>\n\t\t\t\t<\/div>\n\t\t","protected":false},"excerpt":{"rendered":"<p>PAKIET DIETETYCZNY START &#8211; 650,00 z\u0142 Wa\u017cno\u015b\u0107 rozpocz\u0119cia pakietu: 30 dni od daty pierwszej konsultacji Co zawiera pakiet? pierwsza konsultacja diagnostyczna (poprzez videopo\u0142\u0105czenie lub telefonicznie), czas trwania: 30-90 minut, om\u00f3wienie wywiadu zdrowotno-\u017cywieniowego, analiza przypadku pacjenta, om\u00f3wienie nawyk\u00f3w i b\u0142\u0119d\u00f3w \u017cywieniowych, skierowanie na badania specjalistyczne, interpretacja wynik\u00f3w bada\u0144, skierowanie do lekarza specjalisty (je\u015bli jest taka potrzeba), [&hellip;]<\/p>\n","protected":false},"author":7,"featured_media":0,"parent":0,"menu_order":0,"comment_status":"closed","ping_status":"closed","template":"","meta":{"footnotes":""},"class_list":["post-1202","page","type-page","status-publish","hentry"],"blocksy_meta":[],"_links":{"self":[{"href":"https:\/\/sos-lipoedema.pl\/index.php?rest_route=\/wp\/v2\/pages\/1202","targetHints":{"allow":["GET"]}}],"collection":[{"href":"https:\/\/sos-lipoedema.pl\/index.php?rest_route=\/wp\/v2\/pages"}],"about":[{"href":"https:\/\/sos-lipoedema.pl\/index.php?rest_route=\/wp\/v2\/types\/page"}],"author":[{"embeddable":true,"href":"https:\/\/sos-lipoedema.pl\/index.php?rest_route=\/wp\/v2\/users\/7"}],"replies":[{"embeddable":true,"href":"https:\/\/sos-lipoedema.pl\/index.php?rest_route=%2Fwp%2Fv2%2Fcomments&post=1202"}],"version-history":[{"count":76,"href":"https:\/\/sos-lipoedema.pl\/index.php?rest_route=\/wp\/v2\/pages\/1202\/revisions"}],"predecessor-version":[{"id":2817,"href":"https:\/\/sos-lipoedema.pl\/index.php?rest_route=\/wp\/v2\/pages\/1202\/revisions\/2817"}],"wp:attachment":[{"href":"https:\/\/sos-lipoedema.pl\/index.php?rest_route=%2Fwp%2Fv2%2Fmedia&parent=1202"}],"curies":[{"name":"wp","href":"https:\/\/api.w.org\/{rel}","templated":true}]}}