{"id":1224,"date":"2021-03-21T11:24:49","date_gmt":"2021-03-21T11:24:49","guid":{"rendered":"https:\/\/sos-lipoedema.pl\/?page_id=1224"},"modified":"2023-10-22T15:33:11","modified_gmt":"2023-10-22T15:33:11","slug":"elementor-1224","status":"publish","type":"page","link":"https:\/\/sos-lipoedema.pl\/?page_id=1224","title":{"rendered":"Cennik &#8211; limfologia\/kompresja medyczna"},"content":{"rendered":"\t\t<div data-elementor-type=\"wp-page\" data-elementor-id=\"1224\" class=\"elementor elementor-1224\" data-elementor-post-type=\"page\">\n\t\t\t\t\t\t<section class=\"elementor-section elementor-top-section elementor-element elementor-element-6283d24 elementor-section-boxed elementor-section-height-default elementor-section-height-default\" data-id=\"6283d24\" data-element_type=\"section\" data-e-type=\"section\">\n\t\t\t\t\t\t<div class=\"elementor-container elementor-column-gap-default\">\n\t\t\t\t\t<div class=\"elementor-column elementor-col-100 elementor-top-column elementor-element elementor-element-c670d1c\" data-id=\"c670d1c\" data-element_type=\"column\" data-e-type=\"column\">\n\t\t\t<div class=\"elementor-widget-wrap elementor-element-populated\">\n\t\t\t\t\t\t<div class=\"elementor-element elementor-element-11366b6 elementor-widget elementor-widget-image\" data-id=\"11366b6\" data-element_type=\"widget\" data-e-type=\"widget\" data-widget_type=\"image.default\">\n\t\t\t\t<div class=\"elementor-widget-container\">\n\t\t\t\t\t\t\t\t\t\t\t\t\t\t\t<img fetchpriority=\"high\" decoding=\"async\" width=\"1913\" height=\"816\" src=\"https:\/\/sos-lipoedema.pl\/wp-content\/uploads\/2022\/09\/JH8A55801650898288039.jpg\" class=\"attachment-full size-full wp-image-2653\" alt=\"\" srcset=\"https:\/\/sos-lipoedema.pl\/wp-content\/uploads\/2022\/09\/JH8A55801650898288039.jpg 1913w, https:\/\/sos-lipoedema.pl\/wp-content\/uploads\/2022\/09\/JH8A55801650898288039-300x128.jpg 300w, https:\/\/sos-lipoedema.pl\/wp-content\/uploads\/2022\/09\/JH8A55801650898288039-1024x437.jpg 1024w, https:\/\/sos-lipoedema.pl\/wp-content\/uploads\/2022\/09\/JH8A55801650898288039-768x328.jpg 768w, https:\/\/sos-lipoedema.pl\/wp-content\/uploads\/2022\/09\/JH8A55801650898288039-1536x655.jpg 1536w, https:\/\/sos-lipoedema.pl\/wp-content\/uploads\/2022\/09\/JH8A55801650898288039-1140x486.jpg 1140w\" sizes=\"(max-width: 1913px) 100vw, 1913px\" \/>\t\t\t\t\t\t\t\t\t\t\t\t\t\t\t<\/div>\n\t\t\t\t<\/div>\n\t\t\t\t\t<\/div>\n\t\t<\/div>\n\t\t\t\t\t<\/div>\n\t\t<\/section>\n\t\t\t\t<section class=\"elementor-section elementor-top-section elementor-element elementor-element-7bf93f3 elementor-section-boxed elementor-section-height-default elementor-section-height-default\" data-id=\"7bf93f3\" data-element_type=\"section\" data-e-type=\"section\">\n\t\t\t\t\t\t<div class=\"elementor-container elementor-column-gap-default\">\n\t\t\t\t\t<div class=\"elementor-column elementor-col-100 elementor-top-column elementor-element elementor-element-68fe9a1\" data-id=\"68fe9a1\" data-element_type=\"column\" data-e-type=\"column\">\n\t\t\t<div class=\"elementor-widget-wrap elementor-element-populated\">\n\t\t\t\t\t\t<div class=\"elementor-element elementor-element-c189997 elementor-widget elementor-widget-text-editor\" data-id=\"c189997\" data-element_type=\"widget\" data-e-type=\"widget\" data-widget_type=\"text-editor.default\">\n\t\t\t\t<div class=\"elementor-widget-container\">\n\t\t\t\t\t\t\t\t\t<div align=\"center\"><h2>LIMFOLOG<\/h2><h5><b><i>Dorota Stettler:<\/i><\/b><\/h5><h5><a href=\"mailto:dorota@sos-lipoedema.pl\">dorota@sos-lipoedema.pl<\/a><\/h5><h5>tel: 881 636 364<\/h5><\/div>\t\t\t\t\t\t\t\t<\/div>\n\t\t\t\t<\/div>\n\t\t\t\t<div class=\"elementor-element elementor-element-6ca844f elementor-widget elementor-widget-text-editor\" data-id=\"6ca844f\" data-element_type=\"widget\" data-e-type=\"widget\" data-widget_type=\"text-editor.default\">\n\t\t\t\t<div class=\"elementor-widget-container\">\n\t\t\t\t\t\t\t\t\t<h1>Konsultacja\u00a0 limfologiczna START<\/h1>\n<p style=\"text-align: left;\"><strong>Dla kogo? <\/strong><\/p>\n<p style=\"text-align: left;\"><em>Dla os\u00f3b, kt\u00f3re:<\/em><\/p>\n<em>&#8211; nie mia\u0142y jeszcze styczno\u015bci z kompresj\u0105 medyczn\u0105 i nie wiedz\u0105 od czego zacz\u0105\u0107;<\/em>\n<em>&#8211; maj\u0105 z\u0142e do\u015bwiadczenia z powodu z\u0142ego jej doboru.<\/em>\n<ul>\n \t<li><strong>Videokonsultacja: 1 x 40 min (Zoom)<\/strong><\/li>\n \t<li>Om\u00f3wienie karty pacjenta przes\u0142anej wcze\u015bniej na adres mail: dorota@sos-lipoedema.pl,<\/li>\n \t<li>Om\u00f3wienie oczekiwa\u0144 pacjenta odno\u015bnie produktu \u2013 kompresyjna odzie\u017c medyczne, aparat do drena\u017cu sekwencyjnego,<\/li>\n \t<li>Ustalenie planu terapii przeciwobrz\u0119kowej,<\/li>\n \t<li>Propozycja konkretnych produkt\u00f3w lub skierowanie na pomiar indywidualny,<\/li>\n \t<li>Pomoc w zam\u00f3wieniu wybranego wsp\u00f3lnie produktu,<\/li>\n \t<li>Instrukcja u\u017cytkowania kompresji medycznej,<\/li>\n \t<li><strong>Dost\u0119p do kod\u00f3w rabatowych.<\/strong><\/li>\n<\/ul>\n<h2 style=\"padding-left: 40px;\"><span style=\"color: #CE61A1;\"><strong>Koszt: 150,-<\/strong><\/span><\/h2>\t\t\t\t\t\t\t\t<\/div>\n\t\t\t\t<\/div>\n\t\t\t\t\t<\/div>\n\t\t<\/div>\n\t\t\t\t\t<\/div>\n\t\t<\/section>\n\t\t\t\t<section class=\"elementor-section elementor-top-section elementor-element elementor-element-cf5bb47 elementor-section-boxed elementor-section-height-default elementor-section-height-default\" data-id=\"cf5bb47\" data-element_type=\"section\" data-e-type=\"section\">\n\t\t\t\t\t\t<div class=\"elementor-container elementor-column-gap-default\">\n\t\t\t\t\t<div class=\"elementor-column elementor-col-100 elementor-top-column elementor-element elementor-element-cf5757a\" data-id=\"cf5757a\" data-element_type=\"column\" data-e-type=\"column\">\n\t\t\t<div class=\"elementor-widget-wrap elementor-element-populated\">\n\t\t\t\t\t\t<div class=\"elementor-element elementor-element-9a16c36 elementor-widget-divider--view-line elementor-widget elementor-widget-divider\" data-id=\"9a16c36\" data-element_type=\"widget\" data-e-type=\"widget\" data-widget_type=\"divider.default\">\n\t\t\t\t<div class=\"elementor-widget-container\">\n\t\t\t\t\t\t\t<div class=\"elementor-divider\">\n\t\t\t<span class=\"elementor-divider-separator\">\n\t\t\t\t\t\t<\/span>\n\t\t<\/div>\n\t\t\t\t\t\t<\/div>\n\t\t\t\t<\/div>\n\t\t\t\t\t<\/div>\n\t\t<\/div>\n\t\t\t\t\t<\/div>\n\t\t<\/section>\n\t\t\t\t<section class=\"elementor-section elementor-top-section elementor-element elementor-element-9fc9217 elementor-section-boxed elementor-section-height-default elementor-section-height-default\" data-id=\"9fc9217\" data-element_type=\"section\" data-e-type=\"section\">\n\t\t\t\t\t\t<div class=\"elementor-container elementor-column-gap-default\">\n\t\t\t\t\t<div class=\"elementor-column elementor-col-100 elementor-top-column elementor-element elementor-element-8694f7a\" data-id=\"8694f7a\" data-element_type=\"column\" data-e-type=\"column\">\n\t\t\t<div class=\"elementor-widget-wrap elementor-element-populated\">\n\t\t\t\t\t\t<div class=\"elementor-element elementor-element-b9ac0f1 elementor-widget elementor-widget-text-editor\" data-id=\"b9ac0f1\" data-element_type=\"widget\" data-e-type=\"widget\" data-widget_type=\"text-editor.default\">\n\t\t\t\t<div class=\"elementor-widget-container\">\n\t\t\t\t\t\t\t\t\t<h1>Konsultacja limfologiczna przed- i pozabiegowa<\/h1><p style=\"text-align: left;\"><strong>Dla kogo? <\/strong><\/p><p style=\"text-align: left;\"><em>Dla os\u00f3b, kt\u00f3re:<\/em><\/p><p>&#8211; maj\u0105 wyznaczony termin zabiegu liposukcji lub zabiegu chirurgii estetycznej;<br \/>&#8211; s\u0105 po zabiegu;<br \/>&#8211; nie maj\u0105 w pobli\u017cu fizjoterapeuty, kt\u00f3ry zajmuje si\u0119 terapi\u0105 przeciwobrz\u0119kow\u0105.<\/p><ul><li><strong>Videokonsultacja: 2 x 40 min (platforma Zoom)<\/strong><\/li><li>Dob\u00f3r kompresji medycznej przygotowuj\u0105cej do zabiegu lub pozabiegowej,<\/li><li>Instrukta\u017c \u2013 post\u0119powanie przed- i pozabiegowe:<\/li><li style=\"list-style-type: none;\"><ul><li>funkcjonowanie w warunkach domowych \u2013 \u0107wiczenia przyspieszaj\u0105ce regeneracj\u0119,<\/li><li>autodrena\u017c (aktywacja centrum + autodrena\u017c cz\u0119\u015bci cia\u0142a poddanych zabiegowi).<\/li><\/ul><\/li><\/ul><h2 style=\"padding-left: 40px;\"><span style=\"color: #ce61a1;\"><strong>Koszt: 180.-\u00a0<\/strong><\/span><\/h2>\t\t\t\t\t\t\t\t<\/div>\n\t\t\t\t<\/div>\n\t\t\t\t<div class=\"elementor-element elementor-element-aad3a17 elementor-widget-divider--view-line elementor-widget elementor-widget-divider\" data-id=\"aad3a17\" data-element_type=\"widget\" data-e-type=\"widget\" data-widget_type=\"divider.default\">\n\t\t\t\t<div class=\"elementor-widget-container\">\n\t\t\t\t\t\t\t<div class=\"elementor-divider\">\n\t\t\t<span class=\"elementor-divider-separator\">\n\t\t\t\t\t\t<\/span>\n\t\t<\/div>\n\t\t\t\t\t\t<\/div>\n\t\t\t\t<\/div>\n\t\t\t\t\t<\/div>\n\t\t<\/div>\n\t\t\t\t\t<\/div>\n\t\t<\/section>\n\t\t\t\t<section class=\"elementor-section elementor-top-section elementor-element elementor-element-46e48af elementor-section-boxed elementor-section-height-default elementor-section-height-default\" data-id=\"46e48af\" data-element_type=\"section\" data-e-type=\"section\">\n\t\t\t\t\t\t<div class=\"elementor-container elementor-column-gap-default\">\n\t\t\t\t\t<div class=\"elementor-column elementor-col-100 elementor-top-column elementor-element elementor-element-f24850f\" data-id=\"f24850f\" data-element_type=\"column\" data-e-type=\"column\">\n\t\t\t<div class=\"elementor-widget-wrap elementor-element-populated\">\n\t\t\t\t\t\t<div class=\"elementor-element elementor-element-9b768c5 elementor-widget elementor-widget-text-editor\" data-id=\"9b768c5\" data-element_type=\"widget\" data-e-type=\"widget\" data-widget_type=\"text-editor.default\">\n\t\t\t\t<div class=\"elementor-widget-container\">\n\t\t\t\t\t\t\t\t\t<h1>Dob\u00f3r odzie\u017cy kompresyjnej<\/h1><p style=\"text-align: left; padding-left: 40px;\"><em><strong>Podkolan\u00f3wki, po\u0144czochy, rajstopy, legginsy, ubranko pozabiegowe<\/strong><\/em><\/p><p><em>(Aries, CzSalus, Jobst, Juzo, Lipoelastic, Medi, Pani Teresa, Sigvaris, Solidea, Thuasne, Varisan, Veera) <\/em><\/p><h2 style=\"padding-left: 40px;\"><span style=\"color: #ce61a1;\"><strong>Koszt: 30.-<\/strong><\/span><\/h2>\t\t\t\t\t\t\t\t<\/div>\n\t\t\t\t<\/div>\n\t\t\t\t<div class=\"elementor-element elementor-element-76dcc03 elementor-widget-divider--view-line elementor-widget elementor-widget-divider\" data-id=\"76dcc03\" data-element_type=\"widget\" data-e-type=\"widget\" data-widget_type=\"divider.default\">\n\t\t\t\t<div class=\"elementor-widget-container\">\n\t\t\t\t\t\t\t<div class=\"elementor-divider\">\n\t\t\t<span class=\"elementor-divider-separator\">\n\t\t\t\t\t\t<\/span>\n\t\t<\/div>\n\t\t\t\t\t\t<\/div>\n\t\t\t\t<\/div>\n\t\t\t\t\t<\/div>\n\t\t<\/div>\n\t\t\t\t\t<\/div>\n\t\t<\/section>\n\t\t\t\t<section class=\"elementor-section elementor-top-section elementor-element elementor-element-e8b9384 elementor-section-boxed elementor-section-height-default elementor-section-height-default\" data-id=\"e8b9384\" data-element_type=\"section\" data-e-type=\"section\">\n\t\t\t\t\t\t<div class=\"elementor-container elementor-column-gap-default\">\n\t\t\t\t\t<div class=\"elementor-column elementor-col-100 elementor-top-column elementor-element elementor-element-f580312\" data-id=\"f580312\" data-element_type=\"column\" data-e-type=\"column\">\n\t\t\t<div class=\"elementor-widget-wrap elementor-element-populated\">\n\t\t\t\t\t\t<div class=\"elementor-element elementor-element-9a14b10 elementor-widget elementor-widget-text-editor\" data-id=\"9a14b10\" data-element_type=\"widget\" data-e-type=\"widget\" data-widget_type=\"text-editor.default\">\n\t\t\t\t<div class=\"elementor-widget-container\">\n\t\t\t\t\t\t\t\t\t<h1>Dob\u00f3r aparatu do drena\u017cu pneumatycznego<\/h1>\n<em>(Bardomed, BTL, CarePump, Cryoflex, Euroestetica, Notmatec, Pressmatic, Wellmedico)<\/em>\n<h2 style=\"padding-left: 40px;\"><span style=\"color: #CE61A1;\"><strong>Koszt: 30.-<\/strong><\/span><\/h2>\t\t\t\t\t\t\t\t<\/div>\n\t\t\t\t<\/div>\n\t\t\t\t\t<\/div>\n\t\t<\/div>\n\t\t\t\t\t<\/div>\n\t\t<\/section>\n\t\t\t\t<section class=\"elementor-section elementor-top-section elementor-element elementor-element-313955a elementor-section-boxed elementor-section-height-default elementor-section-height-default\" data-id=\"313955a\" data-element_type=\"section\" data-e-type=\"section\">\n\t\t\t\t\t\t<div class=\"elementor-container elementor-column-gap-default\">\n\t\t\t\t\t<div class=\"elementor-column elementor-col-100 elementor-top-column elementor-element elementor-element-9ed8332\" data-id=\"9ed8332\" data-element_type=\"column\" data-e-type=\"column\">\n\t\t\t<div class=\"elementor-widget-wrap elementor-element-populated\">\n\t\t\t\t\t\t<div class=\"elementor-element elementor-element-8c7a417 elementor-widget elementor-widget-spacer\" data-id=\"8c7a417\" data-element_type=\"widget\" data-e-type=\"widget\" data-widget_type=\"spacer.default\">\n\t\t\t\t<div class=\"elementor-widget-container\">\n\t\t\t\t\t\t\t<div class=\"elementor-spacer\">\n\t\t\t<div class=\"elementor-spacer-inner\"><\/div>\n\t\t<\/div>\n\t\t\t\t\t\t<\/div>\n\t\t\t\t<\/div>\n\t\t\t\t\t<\/div>\n\t\t<\/div>\n\t\t\t\t\t<\/div>\n\t\t<\/section>\n\t\t\t\t<section class=\"elementor-section elementor-top-section elementor-element elementor-element-8f85c63 elementor-section-boxed elementor-section-height-default elementor-section-height-default\" data-id=\"8f85c63\" data-element_type=\"section\" data-e-type=\"section\">\n\t\t\t\t\t\t<div class=\"elementor-container elementor-column-gap-default\">\n\t\t\t\t\t<div class=\"elementor-column elementor-col-100 elementor-top-column elementor-element elementor-element-503a433\" data-id=\"503a433\" data-element_type=\"column\" data-e-type=\"column\">\n\t\t\t<div class=\"elementor-widget-wrap elementor-element-populated\">\n\t\t\t\t\t\t<div class=\"elementor-element elementor-element-ddaf44c elementor-widget elementor-widget-text-editor\" data-id=\"ddaf44c\" data-element_type=\"widget\" data-e-type=\"widget\" data-widget_type=\"text-editor.default\">\n\t\t\t\t<div class=\"elementor-widget-container\">\n\t\t\t\t\t\t\t\t\t<h2><span style=\"color: #400c0c;\"><strong>P\u0141ATNO\u015a\u0106<br \/><\/strong><span style=\"font-size: 22px;\">Kup konsultacj\u0119 w sklepie lub zap\u0142a\u0107 przelewem<\/span><strong><br \/><\/strong><\/span><\/h2>\t\t\t\t\t\t\t\t<\/div>\n\t\t\t\t<\/div>\n\t\t\t\t<div class=\"elementor-element elementor-element-a5a6866 elementor-align-center elementor-widget elementor-widget-button\" data-id=\"a5a6866\" data-element_type=\"widget\" data-e-type=\"widget\" data-widget_type=\"button.default\">\n\t\t\t\t<div class=\"elementor-widget-container\">\n\t\t\t\t\t\t\t\t\t<div class=\"elementor-button-wrapper\">\n\t\t\t\t\t<a class=\"elementor-button elementor-button-link elementor-size-xl elementor-animation-bounce-in\" href=\"https:\/\/sos-lipokompresja.pl\/?post_type=product\">\n\t\t\t\t\t\t<span class=\"elementor-button-content-wrapper\">\n\t\t\t\t\t\t\t\t\t<span class=\"elementor-button-text\">KUP KONSULTACJE W MOIM SKLEPIE<\/span>\n\t\t\t\t\t<\/span>\n\t\t\t\t\t<\/a>\n\t\t\t\t<\/div>\n\t\t\t\t\t\t\t\t<\/div>\n\t\t\t\t<\/div>\n\t\t\t\t<div class=\"elementor-element elementor-element-e534fbf elementor-widget elementor-widget-text-editor\" data-id=\"e534fbf\" data-element_type=\"widget\" data-e-type=\"widget\" data-widget_type=\"text-editor.default\">\n\t\t\t\t<div class=\"elementor-widget-container\">\n\t\t\t\t\t\t\t\t\t<div align=\"center\"><h4 style=\"text-align: center;\">PRZELEW: W tytule p\u0142atno\u015bci prosz\u0119 poda\u0107 nazwisko i nazw\u0119 us\u0142ugi<\/h4><p style=\"padding-left: 40px; text-align: left;\"><span style=\"color: #400c0c;\"><strong>Przelew: <\/strong><\/span><\/p><p style=\"padding-left: 40px; text-align: left;\">Dorota Stettler Fizjoterapia \u2013 Limfologia<\/p><p style=\"padding-left: 80px; text-align: left;\"><strong>mBank<\/strong><\/p><p style=\"padding-left: 80px; text-align: left;\">02 1140 2004 0000 3702 7958 9583<\/p><p style=\"padding-left: 40px; text-align: left;\"><span style=\"color: #400c0c;\"><strong>lub Blik:<\/strong><\/span><strong> 661236606<\/strong><\/p><p style=\"text-align: left;\">\u00a0<\/p><\/div>\t\t\t\t\t\t\t\t<\/div>\n\t\t\t\t<\/div>\n\t\t\t\t\t<\/div>\n\t\t<\/div>\n\t\t\t\t\t<\/div>\n\t\t<\/section>\n\t\t\t\t<\/div>\n\t\t","protected":false},"excerpt":{"rendered":"<p>LIMFOLOG Dorota Stettler: dorota@sos-lipoedema.pl tel: 881 636 364 Konsultacja\u00c2\u00a0 limfologiczna START Dla kogo? Dla os\u00c3\u00b3b, kt\u00c3\u00b3re: &#8211; nie mia\u00c5\u201ay jeszcze styczno\u00c5\u203aci z kompresj\u00c4\u2026 medyczn\u00c4\u2026 i nie wiedz\u00c4\u2026 od czego zacz\u00c4\u2026\u00c4\u2021; &#8211; maj\u00c4\u2026 z\u00c5\u201ae do\u00c5\u203awiadczenia z powodu z\u00c5\u201aego jej doboru. Videokonsultacja: 1 x 40 min (Zoom) Om\u00c3\u00b3wienie karty pacjenta przes\u00c5\u201aanej wcze\u00c5\u203aniej na adres mail: dorota@sos-lipoedema.pl, Om\u00c3\u00b3wienie [&hellip;]<\/p>\n","protected":false},"author":7,"featured_media":0,"parent":0,"menu_order":0,"comment_status":"closed","ping_status":"closed","template":"","meta":{"footnotes":""},"class_list":["post-1224","page","type-page","status-publish","hentry"],"blocksy_meta":[],"_links":{"self":[{"href":"https:\/\/sos-lipoedema.pl\/index.php?rest_route=\/wp\/v2\/pages\/1224","targetHints":{"allow":["GET"]}}],"collection":[{"href":"https:\/\/sos-lipoedema.pl\/index.php?rest_route=\/wp\/v2\/pages"}],"about":[{"href":"https:\/\/sos-lipoedema.pl\/index.php?rest_route=\/wp\/v2\/types\/page"}],"author":[{"embeddable":true,"href":"https:\/\/sos-lipoedema.pl\/index.php?rest_route=\/wp\/v2\/users\/7"}],"replies":[{"embeddable":true,"href":"https:\/\/sos-lipoedema.pl\/index.php?rest_route=%2Fwp%2Fv2%2Fcomments&post=1224"}],"version-history":[{"count":70,"href":"https:\/\/sos-lipoedema.pl\/index.php?rest_route=\/wp\/v2\/pages\/1224\/revisions"}],"predecessor-version":[{"id":2936,"href":"https:\/\/sos-lipoedema.pl\/index.php?rest_route=\/wp\/v2\/pages\/1224\/revisions\/2936"}],"wp:attachment":[{"href":"https:\/\/sos-lipoedema.pl\/index.php?rest_route=%2Fwp%2Fv2%2Fmedia&parent=1224"}],"curies":[{"name":"wp","href":"https:\/\/api.w.org\/{rel}","templated":true}]}}