{"id":1604,"date":"2021-04-16T21:14:44","date_gmt":"2021-04-16T21:14:44","guid":{"rendered":"https:\/\/sos-lipoedema.pl\/?page_id=1604"},"modified":"2021-04-22T11:49:31","modified_gmt":"2021-04-22T11:49:31","slug":"wasze-historie","status":"publish","type":"page","link":"https:\/\/sos-lipoedema.pl\/?page_id=1604","title":{"rendered":"Wasze historie"},"content":{"rendered":"\t\t<div data-elementor-type=\"wp-page\" data-elementor-id=\"1604\" class=\"elementor elementor-1604\" data-elementor-post-type=\"page\">\n\t\t\t\t\t\t<section class=\"elementor-section elementor-top-section elementor-element elementor-element-9147dc4 elementor-section-boxed elementor-section-height-default elementor-section-height-default\" data-id=\"9147dc4\" data-element_type=\"section\" data-e-type=\"section\">\n\t\t\t\t\t\t<div class=\"elementor-container elementor-column-gap-default\">\n\t\t\t\t\t<div class=\"elementor-column elementor-col-33 elementor-top-column elementor-element elementor-element-077190b\" data-id=\"077190b\" data-element_type=\"column\" data-e-type=\"column\">\n\t\t\t<div class=\"elementor-widget-wrap elementor-element-populated\">\n\t\t\t\t\t\t<div class=\"elementor-element elementor-element-0b62d20 elementor-widget elementor-widget-image\" data-id=\"0b62d20\" data-element_type=\"widget\" data-e-type=\"widget\" data-widget_type=\"image.default\">\n\t\t\t\t<div class=\"elementor-widget-container\">\n\t\t\t\t\t\t\t\t\t\t\t\t\t\t\t<img decoding=\"async\" src=\"https:\/\/sos-lipoedema.pl\/wp-content\/uploads\/elementor\/thumbs\/2-p5stk6ta4coinzo1mkjxlsm4vdpxqt4ys2kt499hhs.png\" title=\"2\" alt=\"2\" loading=\"lazy\" \/>\t\t\t\t\t\t\t\t\t\t\t\t\t\t\t<\/div>\n\t\t\t\t<\/div>\n\t\t\t\t\t<\/div>\n\t\t<\/div>\n\t\t\t\t<div class=\"elementor-column elementor-col-66 elementor-top-column elementor-element elementor-element-0bf5093\" data-id=\"0bf5093\" data-element_type=\"column\" data-e-type=\"column\">\n\t\t\t<div class=\"elementor-widget-wrap elementor-element-populated\">\n\t\t\t\t\t\t<div class=\"elementor-element elementor-element-3f2238b elementor-widget elementor-widget-heading\" data-id=\"3f2238b\" data-element_type=\"widget\" data-e-type=\"widget\" data-widget_type=\"heading.default\">\n\t\t\t\t<div class=\"elementor-widget-container\">\n\t\t\t\t\t<h2 class=\"elementor-heading-title elementor-size-default\">Olga, I-II stadium lipoedemy<\/h2>\t\t\t\t<\/div>\n\t\t\t\t<\/div>\n\t\t\t\t<div class=\"elementor-element elementor-element-a177b06 elementor-drop-cap-yes elementor-drop-cap-view-default elementor-widget elementor-widget-text-editor\" data-id=\"a177b06\" data-element_type=\"widget\" data-e-type=\"widget\" data-settings=\"{&quot;drop_cap&quot;:&quot;yes&quot;}\" data-widget_type=\"text-editor.default\">\n\t\t\t\t<div class=\"elementor-widget-container\">\n\t\t\t\t\t\t\t\t\t<p align=\"justify\">Moje nogi zmieni\u0142y si\u0119 w okresie dojrzewania. Dla nastolatki to trudny moment, czu\u0142am si\u0119 nieakceptowana. Od koleg\u00f3w s\u0142ysza\u0142am: <em>&#8222;idzie ta, co ma dup\u0119 jak trzy drzwiowa szafa&#8221;<\/em>. Pr\u00f3bowa\u0142am r\u00f3\u017cnych diet, \u0107wicze\u0144 &#8211; bez efektu&#8230; U g\u00f3ry same ko\u015bci, nogi dalej dwa rozmiary wi\u0119ksze. Nauczy\u0142am si\u0119 z tym \u017cy\u0107, nosi\u0107 d\u0142u\u017csze tuniki, trapezowe sp\u00f3dnice. Wysz\u0142am za m\u0105\u017c i wiele razy, kiedy prosi\u0142am:<em> &#8222;nie dotykaj moich n\u00f3g, to boli&#8221;<\/em> s\u0142ysza\u0142am, \u017ce przesadzam, albo, \u017ce jestem dziwna, bo ci\u0105gle mam lodowate uda. W ka\u017cdej kolejnej ci\u0105\u017cy poza rosn\u0105cym brzuszkiem ros\u0142y te\u017c moje uda. Z ka\u017cdym kolejnym rokiem nogi by\u0142y ci\u0119\u017csze, bardziej obola\u0142e, pojawia\u0142y si\u0119 siniaki i paj\u0105czki. Dwa lata temu moja mama znalaz\u0142a w Internecie artyku\u0142 o lipodemii, pokaza\u0142a mi go i zacz\u0119\u0142am si\u0119 zastanawia\u0107, czy nie jest to w\u0142a\u015bnie m\u00f3j problem. Pojecha\u0142am do prof. Szuby, do Wroc\u0142awia a on nie mia\u0142 w\u0105tpliwo\u015bci. Zacz\u0119\u0142am czyta\u0107 wi\u0119cej na ten temat, trafi\u0142am na grup\u0119 wsparcia na FB i od tego czasu du\u017co si\u0119 zmieni\u0142o. Zacz\u0119\u0142am nosi\u0107 kompresj\u0119, szczotkowa\u0107 nogi na sucho i zmieni\u0142am rodzaj aktywno\u015bci &#8211; dzi\u0119ki temu moje nogi s\u0105 &#8222;l\u017cejsze&#8221;, mniej bol\u0105. A ja wiem, \u017ce to choroba i inaczej patrz\u0119 na siebie w lustrze. ;-)<\/p>\t\t\t\t\t\t\t\t<\/div>\n\t\t\t\t<\/div>\n\t\t\t\t\t<\/div>\n\t\t<\/div>\n\t\t\t\t\t<\/div>\n\t\t<\/section>\n\t\t\t\t<section class=\"elementor-section elementor-top-section elementor-element elementor-element-133c734 elementor-section-boxed elementor-section-height-default elementor-section-height-default\" data-id=\"133c734\" data-element_type=\"section\" data-e-type=\"section\">\n\t\t\t\t\t\t<div class=\"elementor-container elementor-column-gap-default\">\n\t\t\t\t\t<div class=\"elementor-column elementor-col-33 elementor-top-column elementor-element elementor-element-53fdcb2\" data-id=\"53fdcb2\" data-element_type=\"column\" data-e-type=\"column\">\n\t\t\t<div class=\"elementor-widget-wrap elementor-element-populated\">\n\t\t\t\t\t\t<div class=\"elementor-element elementor-element-02bcd4e elementor-widget elementor-widget-image\" data-id=\"02bcd4e\" data-element_type=\"widget\" data-e-type=\"widget\" data-widget_type=\"image.default\">\n\t\t\t\t<div class=\"elementor-widget-container\">\n\t\t\t\t\t\t\t\t\t\t\t\t\t\t\t<img decoding=\"async\" src=\"https:\/\/sos-lipoedema.pl\/wp-content\/uploads\/elementor\/thumbs\/rakowska-p5stsfua3zz4krolg4y1hpnsl51xb5w58wq8rp12vk.png\" title=\"agnieszka\" alt=\"agnieszka\" loading=\"lazy\" \/>\t\t\t\t\t\t\t\t\t\t\t\t\t\t\t<\/div>\n\t\t\t\t<\/div>\n\t\t\t\t\t<\/div>\n\t\t<\/div>\n\t\t\t\t<div class=\"elementor-column elementor-col-66 elementor-top-column elementor-element elementor-element-216b84c\" data-id=\"216b84c\" data-element_type=\"column\" data-e-type=\"column\">\n\t\t\t<div class=\"elementor-widget-wrap elementor-element-populated\">\n\t\t\t\t\t\t<div class=\"elementor-element elementor-element-4bd1cd6 elementor-widget elementor-widget-heading\" data-id=\"4bd1cd6\" data-element_type=\"widget\" data-e-type=\"widget\" data-widget_type=\"heading.default\">\n\t\t\t\t<div class=\"elementor-widget-container\">\n\t\t\t\t\t<h2 class=\"elementor-heading-title elementor-size-default\">Agnieszka, I-II stadium lipoedemy<\/h2>\t\t\t\t<\/div>\n\t\t\t\t<\/div>\n\t\t\t\t<div class=\"elementor-element elementor-element-9d9fea0 elementor-drop-cap-yes elementor-drop-cap-view-default elementor-widget elementor-widget-text-editor\" data-id=\"9d9fea0\" data-element_type=\"widget\" data-e-type=\"widget\" data-settings=\"{&quot;drop_cap&quot;:&quot;yes&quot;}\" data-widget_type=\"text-editor.default\">\n\t\t\t\t<div class=\"elementor-widget-container\">\n\t\t\t\t\t\t\t\t\t<p align=\"justify\">Od nastoletniego \u017cycia mam du\u017c\u0105 dysproporcj\u0119 cia\u0142a, zawsze m\u00f3wi\u0142am, \u017ce jestem jakby sklejona z dw\u00f3ch r\u00f3\u017cnych kawa\u0142k\u00f3w (g\u00f3ra S a d\u00f3\u0142 L, czasem XL). Od lekarzy, dietetyk\u00f3w, trener\u00f3w, znajomych ca\u0142y czas s\u0142ysza\u0142am, \u017ce albo &#8222;taka moja uroda&#8221;, &#8222;jestem typow\u0105 gruszk\u0105&#8221;, &#8222;staram si\u0119 za ma\u0142o, oszukuj\u0119, poniewa\u017c inne klientki JAKO\u015a chudn\u0105, a ja nie&#8221;. Dop\u00f3ki nie pojawi\u0142y si\u0119 dolegliwo\u015bci b\u00f3lowe, bra\u0142am wszystko na klat\u0119, oswaja\u0142am si\u0119 z tym, \u017ce tak ju\u017c musi by\u0107. Od 3-4 lat b\u00f3l staje si\u0119 nie do zniesienia. D\u0142u\u017csze spacery, praca stoj\u0105ca powoduj\u0105, \u017ce przestaj\u0119 normalnie funkcjonowa\u0107, bez kompresji nie ma mowy o pracy. Oko\u0142o roku temu dowiedzia\u0142am si\u0119, dzi\u0119ki grupie na FB, co w\u0142a\u015bciwie mi jest, w ko\u0144cu jestem spokojna, w ko\u0144cu wiem, \u017ce TAK NIE MUSI BY\u0106, \u017ce b\u00f3l, kt\u00f3ry czuj\u0119 od rana do wieczora, nie jest normalny, ale przede wszystkim: dowiedzia\u0142am si\u0119, jak mo\u017cna nad tym &#8211; nad lipoedem\u0105 &#8211; pracowa\u0107, \u017ceby cho\u0107 troch\u0119 sobie ul\u017cy\u0107. Dzi\u0119ki ogromnemu wsparciu i zaanga\u017cowaniu wszystkich wsp\u00f3\u0142tworz\u0105cych grup\u0119 ratunkow\u0105 na FB, naprawd\u0119 mo\u017cna wiele zmieni\u0107! &lt;3<\/p>\t\t\t\t\t\t\t\t<\/div>\n\t\t\t\t<\/div>\n\t\t\t\t\t<\/div>\n\t\t<\/div>\n\t\t\t\t\t<\/div>\n\t\t<\/section>\n\t\t\t\t<section class=\"elementor-section elementor-top-section elementor-element elementor-element-f9d3785 elementor-section-boxed elementor-section-height-default elementor-section-height-default\" data-id=\"f9d3785\" data-element_type=\"section\" data-e-type=\"section\">\n\t\t\t\t\t\t<div class=\"elementor-container elementor-column-gap-default\">\n\t\t\t\t\t<div class=\"elementor-column elementor-col-33 elementor-top-column elementor-element elementor-element-df6aca3\" data-id=\"df6aca3\" data-element_type=\"column\" data-e-type=\"column\">\n\t\t\t<div class=\"elementor-widget-wrap elementor-element-populated\">\n\t\t\t\t\t\t<div class=\"elementor-element elementor-element-cdeab97 elementor-widget elementor-widget-image\" data-id=\"cdeab97\" data-element_type=\"widget\" data-e-type=\"widget\" data-widget_type=\"image.default\">\n\t\t\t\t<div class=\"elementor-widget-container\">\n\t\t\t\t\t\t\t\t\t\t\t\t\t\t\t<img decoding=\"async\" src=\"https:\/\/sos-lipoedema.pl\/wp-content\/uploads\/elementor\/thumbs\/karolina2-p638mjthvye8vwqgbjgzh0r8r0ataxkqujzal76ehc.png\" title=\"karolina2\" alt=\"karolina2\" loading=\"lazy\" \/>\t\t\t\t\t\t\t\t\t\t\t\t\t\t\t<\/div>\n\t\t\t\t<\/div>\n\t\t\t\t\t<\/div>\n\t\t<\/div>\n\t\t\t\t<div class=\"elementor-column elementor-col-66 elementor-top-column elementor-element elementor-element-af9a5d1\" data-id=\"af9a5d1\" data-element_type=\"column\" data-e-type=\"column\">\n\t\t\t<div class=\"elementor-widget-wrap elementor-element-populated\">\n\t\t\t\t\t\t<div class=\"elementor-element elementor-element-6325428 elementor-widget elementor-widget-heading\" data-id=\"6325428\" data-element_type=\"widget\" data-e-type=\"widget\" data-widget_type=\"heading.default\">\n\t\t\t\t<div class=\"elementor-widget-container\">\n\t\t\t\t\t<h2 class=\"elementor-heading-title elementor-size-default\">Karolina, I stadium lipoedemy<\/h2>\t\t\t\t<\/div>\n\t\t\t\t<\/div>\n\t\t\t\t<div class=\"elementor-element elementor-element-fbe61a2 elementor-drop-cap-yes elementor-drop-cap-view-default elementor-widget elementor-widget-text-editor\" data-id=\"fbe61a2\" data-element_type=\"widget\" data-e-type=\"widget\" data-settings=\"{&quot;drop_cap&quot;:&quot;yes&quot;}\" data-widget_type=\"text-editor.default\">\n\t\t\t\t<div class=\"elementor-widget-container\">\n\t\t\t\t\t\t\t\t\t<div align=\"justify\"><p>Po us\u0142yszeniu diagnozy i wyja\u015bnieniu, czym jest lipoedema, poczu\u0142am ogromn\u0105 ulg\u0119. W ko\u0144cu dowiedzia\u0142am si\u0119, \u017ce nie zmy\u015blam, a moje wieloletnie starania okupione dietami, morderczymi treningami i zabiegami po prostu nie mog\u0142y si\u0119 uda\u0107. Teraz dzi\u0119ki dostosowanemu jad\u0142ospisowi, treningom, drena\u017com i odzie\u017cy kompresyjnej ucz\u0119 si\u0119 dba\u0107 o swoje cia\u0142o na nowo i akceptowa\u0107 je takie, jakim jest. Chc\u0119 by\u0107 jego sprzymierze\u0144cem, a nie\u00a0 wrogiem, bo i tak ma ju\u017c pod g\u00f3rk\u0119 :) Zaznaczona talia, kobiece biodra i kr\u0105g\u0142a sylwetka to co\u015b, co mo\u017cemy podkre\u015bli\u0107 i lipoedema wcale nie przekre\u015bla naszych szans na kupienie \u0142adnych jeans\u00f3w czy pi\u0119knych sukienek. Nauczy\u0142am si\u0119 m\u00f3wi\u0107, \u017ce \u017cyj\u0119 z lipoedem\u0105 a nie na ni\u0105 cierpi\u0119 &#8211; od razu zmienia si\u0119 pespektywa i podej\u015bcie do funkcjonowania z chorob\u0105.<\/p><\/div>\t\t\t\t\t\t\t\t<\/div>\n\t\t\t\t<\/div>\n\t\t\t\t\t<\/div>\n\t\t<\/div>\n\t\t\t\t\t<\/div>\n\t\t<\/section>\n\t\t\t\t<section class=\"elementor-section elementor-top-section elementor-element elementor-element-a1fd65e elementor-section-boxed elementor-section-height-default elementor-section-height-default\" data-id=\"a1fd65e\" data-element_type=\"section\" data-e-type=\"section\">\n\t\t\t\t\t\t<div class=\"elementor-container elementor-column-gap-default\">\n\t\t\t\t\t<div class=\"elementor-column elementor-col-33 elementor-top-column elementor-element elementor-element-63f7407\" data-id=\"63f7407\" data-element_type=\"column\" data-e-type=\"column\">\n\t\t\t<div class=\"elementor-widget-wrap elementor-element-populated\">\n\t\t\t\t\t\t<div class=\"elementor-element elementor-element-1574017 elementor-widget elementor-widget-image\" data-id=\"1574017\" data-element_type=\"widget\" data-e-type=\"widget\" data-widget_type=\"image.default\">\n\t\t\t\t<div class=\"elementor-widget-container\">\n\t\t\t\t\t\t\t\t\t\t\t\t\t\t\t<img decoding=\"async\" src=\"https:\/\/sos-lipoedema.pl\/wp-content\/uploads\/elementor\/thumbs\/Beata2-1-p638hien8xhwn61yqv1zlsja3n4z1ckjtm2kysndu8.png\" title=\"Beata2\" alt=\"Beata2\" loading=\"lazy\" \/>\t\t\t\t\t\t\t\t\t\t\t\t\t\t\t<\/div>\n\t\t\t\t<\/div>\n\t\t\t\t\t<\/div>\n\t\t<\/div>\n\t\t\t\t<div class=\"elementor-column elementor-col-66 elementor-top-column elementor-element elementor-element-ce4f4c1\" data-id=\"ce4f4c1\" data-element_type=\"column\" data-e-type=\"column\">\n\t\t\t<div class=\"elementor-widget-wrap elementor-element-populated\">\n\t\t\t\t\t\t<div class=\"elementor-element elementor-element-aa48a77 elementor-widget elementor-widget-heading\" data-id=\"aa48a77\" data-element_type=\"widget\" data-e-type=\"widget\" data-widget_type=\"heading.default\">\n\t\t\t\t<div class=\"elementor-widget-container\">\n\t\t\t\t\t<h2 class=\"elementor-heading-title elementor-size-default\">Beata, I-II stadium lipoedemy<\/h2>\t\t\t\t<\/div>\n\t\t\t\t<\/div>\n\t\t\t\t<div class=\"elementor-element elementor-element-4e2e3a7 elementor-drop-cap-yes elementor-drop-cap-view-default elementor-widget elementor-widget-text-editor\" data-id=\"4e2e3a7\" data-element_type=\"widget\" data-e-type=\"widget\" data-settings=\"{&quot;drop_cap&quot;:&quot;yes&quot;}\" data-widget_type=\"text-editor.default\">\n\t\t\t\t<div class=\"elementor-widget-container\">\n\t\t\t\t\t\t\t\t\t<div align=\"justify\"><p>Moje nogi s\u0105 moim kompleksem od podstaw\u00f3wki. Nigdy ich nie ods\u0142aniam, nie chodz\u0119 w sp\u00f3dnicach, bo si\u0119 o siebie ocieraj\u0105. Chodz\u0105c czuj\u0119, jak si\u0119 ca\u0142e ruszaj\u0105. Mam wra\u017cenie, \u017ce ka\u017cdy patrz\u0105c na mnie widzi tylko ogromne, niepasuj\u0105ce do ca\u0142ej sylwetki uda. I milion razy s\u0142ysza\u0142am, \u017ce jak zadbam o diet\u0119, po\u0107wicz\u0119, to b\u0119dzie lepiej. Niestety, nawet przy niedowadze nogi by\u0142y jak z koszmaru.<\/p><\/div>\t\t\t\t\t\t\t\t<\/div>\n\t\t\t\t<\/div>\n\t\t\t\t\t<\/div>\n\t\t<\/div>\n\t\t\t\t\t<\/div>\n\t\t<\/section>\n\t\t\t\t<section class=\"elementor-section elementor-top-section elementor-element elementor-element-82961b7 elementor-section-boxed elementor-section-height-default elementor-section-height-default\" data-id=\"82961b7\" data-element_type=\"section\" data-e-type=\"section\">\n\t\t\t\t\t\t<div class=\"elementor-container elementor-column-gap-default\">\n\t\t\t\t\t<div class=\"elementor-column elementor-col-33 elementor-top-column elementor-element elementor-element-23f7bec\" data-id=\"23f7bec\" data-element_type=\"column\" data-e-type=\"column\">\n\t\t\t<div class=\"elementor-widget-wrap elementor-element-populated\">\n\t\t\t\t\t\t<div class=\"elementor-element elementor-element-228570e elementor-widget elementor-widget-image\" data-id=\"228570e\" data-element_type=\"widget\" data-e-type=\"widget\" data-widget_type=\"image.default\">\n\t\t\t\t<div class=\"elementor-widget-container\">\n\t\t\t\t\t\t\t\t\t\t\t\t\t\t\t<img decoding=\"async\" src=\"https:\/\/sos-lipoedema.pl\/wp-content\/uploads\/elementor\/thumbs\/dorota-k-p5strdawbsidcr8kp6ac5hdw8cbvjkn5flzc3cm7yo.png\" title=\"dorota k\" alt=\"dorota k\" loading=\"lazy\" \/>\t\t\t\t\t\t\t\t\t\t\t\t\t\t\t<\/div>\n\t\t\t\t<\/div>\n\t\t\t\t\t<\/div>\n\t\t<\/div>\n\t\t\t\t<div class=\"elementor-column elementor-col-66 elementor-top-column elementor-element elementor-element-bfbd123\" data-id=\"bfbd123\" data-element_type=\"column\" data-e-type=\"column\">\n\t\t\t<div class=\"elementor-widget-wrap elementor-element-populated\">\n\t\t\t\t\t\t<div class=\"elementor-element elementor-element-07cdf56 elementor-widget elementor-widget-heading\" data-id=\"07cdf56\" data-element_type=\"widget\" data-e-type=\"widget\" data-widget_type=\"heading.default\">\n\t\t\t\t<div class=\"elementor-widget-container\">\n\t\t\t\t\t<h2 class=\"elementor-heading-title elementor-size-default\">Dorota, II stadium po liposukcji ud<\/h2>\t\t\t\t<\/div>\n\t\t\t\t<\/div>\n\t\t\t\t<div class=\"elementor-element elementor-element-23d9aaa elementor-drop-cap-yes elementor-drop-cap-view-default elementor-widget elementor-widget-text-editor\" data-id=\"23d9aaa\" data-element_type=\"widget\" data-e-type=\"widget\" data-settings=\"{&quot;drop_cap&quot;:&quot;yes&quot;}\" data-widget_type=\"text-editor.default\">\n\t\t\t\t<div class=\"elementor-widget-container\">\n\t\t\t\t\t\t\t\t\t<div align=\"justify\"><p>Ca\u0142e \u017cycie my\u015bla\u0142am, \u017ce po prostu tak mam: ogromne nogi, kt\u00f3re nawet po odchudzaniu si\u0119 nie zmniejszaj\u0105. Teraz wiem z czym walcz\u0119. Lipodema!<\/p><\/div>\t\t\t\t\t\t\t\t<\/div>\n\t\t\t\t<\/div>\n\t\t\t\t\t<\/div>\n\t\t<\/div>\n\t\t\t\t\t<\/div>\n\t\t<\/section>\n\t\t\t\t<section class=\"elementor-section elementor-top-section elementor-element elementor-element-bb57955 elementor-section-boxed elementor-section-height-default elementor-section-height-default\" data-id=\"bb57955\" data-element_type=\"section\" data-e-type=\"section\">\n\t\t\t\t\t\t<div class=\"elementor-container elementor-column-gap-default\">\n\t\t\t\t\t<div class=\"elementor-column elementor-col-33 elementor-top-column elementor-element elementor-element-aad790b\" data-id=\"aad790b\" data-element_type=\"column\" data-e-type=\"column\">\n\t\t\t<div class=\"elementor-widget-wrap elementor-element-populated\">\n\t\t\t\t\t\t<div class=\"elementor-element elementor-element-f40149d elementor-widget elementor-widget-image\" data-id=\"f40149d\" data-element_type=\"widget\" data-e-type=\"widget\" data-widget_type=\"image.default\">\n\t\t\t\t<div class=\"elementor-widget-container\">\n\t\t\t\t\t\t\t\t\t\t\t\t\t\t\t<img decoding=\"async\" src=\"https:\/\/sos-lipoedema.pl\/wp-content\/uploads\/elementor\/thumbs\/katarzyna2-p638c5pqbw64j3tv01rgwn5sbniq7ebkr4c1l2l39s.png\" title=\"katarzyna2\" alt=\"katarzyna2\" loading=\"lazy\" \/>\t\t\t\t\t\t\t\t\t\t\t\t\t\t\t<\/div>\n\t\t\t\t<\/div>\n\t\t\t\t\t<\/div>\n\t\t<\/div>\n\t\t\t\t<div class=\"elementor-column elementor-col-66 elementor-top-column elementor-element elementor-element-b00c594\" data-id=\"b00c594\" data-element_type=\"column\" data-e-type=\"column\">\n\t\t\t<div class=\"elementor-widget-wrap elementor-element-populated\">\n\t\t\t\t\t\t<div class=\"elementor-element elementor-element-74da907 elementor-widget elementor-widget-heading\" data-id=\"74da907\" data-element_type=\"widget\" data-e-type=\"widget\" data-widget_type=\"heading.default\">\n\t\t\t\t<div class=\"elementor-widget-container\">\n\t\t\t\t\t<h2 class=\"elementor-heading-title elementor-size-default\">Katarzyna, III stadium lipoedemy<\/h2>\t\t\t\t<\/div>\n\t\t\t\t<\/div>\n\t\t\t\t<div class=\"elementor-element elementor-element-adacc68 elementor-drop-cap-yes elementor-drop-cap-view-default elementor-widget elementor-widget-text-editor\" data-id=\"adacc68\" data-element_type=\"widget\" data-e-type=\"widget\" data-settings=\"{&quot;drop_cap&quot;:&quot;yes&quot;}\" data-widget_type=\"text-editor.default\">\n\t\t\t\t<div class=\"elementor-widget-container\">\n\t\t\t\t\t\t\t\t\t<div align=\"justify\"><p>Jako dziecko s\u0142ysza\u0142am od najbli\u017cszej rodziny, \u017ce mam nogi, jak filary pod ko\u015bcio\u0142em.<\/p><\/div>\t\t\t\t\t\t\t\t<\/div>\n\t\t\t\t<\/div>\n\t\t\t\t\t<\/div>\n\t\t<\/div>\n\t\t\t\t\t<\/div>\n\t\t<\/section>\n\t\t\t\t<section class=\"elementor-section elementor-top-section elementor-element elementor-element-34251ac elementor-section-boxed elementor-section-height-default elementor-section-height-default\" data-id=\"34251ac\" data-element_type=\"section\" data-e-type=\"section\">\n\t\t\t\t\t\t<div class=\"elementor-container elementor-column-gap-default\">\n\t\t\t\t\t<div class=\"elementor-column elementor-col-33 elementor-top-column elementor-element elementor-element-2dbea65\" data-id=\"2dbea65\" data-element_type=\"column\" data-e-type=\"column\">\n\t\t\t<div class=\"elementor-widget-wrap elementor-element-populated\">\n\t\t\t\t\t\t<div class=\"elementor-element elementor-element-cdfeebb elementor-widget elementor-widget-image\" data-id=\"cdfeebb\" data-element_type=\"widget\" data-e-type=\"widget\" data-widget_type=\"image.default\">\n\t\t\t\t<div class=\"elementor-widget-container\">\n\t\t\t\t\t\t\t\t\t\t\t\t\t\t\t<img decoding=\"async\" src=\"https:\/\/sos-lipoedema.pl\/wp-content\/uploads\/elementor\/thumbs\/obraz_2021-04-22_134637-p6392g97i25vafmygwws5iayinxcilpa199zupln80.png\" title=\"obraz_2021-04-22_134637\" alt=\"obraz_2021-04-22_134637\" loading=\"lazy\" \/>\t\t\t\t\t\t\t\t\t\t\t\t\t\t\t<\/div>\n\t\t\t\t<\/div>\n\t\t\t\t\t<\/div>\n\t\t<\/div>\n\t\t\t\t<div class=\"elementor-column elementor-col-66 elementor-top-column elementor-element elementor-element-449d1cb\" data-id=\"449d1cb\" data-element_type=\"column\" data-e-type=\"column\">\n\t\t\t<div class=\"elementor-widget-wrap elementor-element-populated\">\n\t\t\t\t\t\t<div class=\"elementor-element elementor-element-d08ee65 elementor-widget elementor-widget-heading\" data-id=\"d08ee65\" data-element_type=\"widget\" data-e-type=\"widget\" data-widget_type=\"heading.default\">\n\t\t\t\t<div class=\"elementor-widget-container\">\n\t\t\t\t\t<h2 class=\"elementor-heading-title elementor-size-default\">Barbara, I stadium lipoedemy<\/h2>\t\t\t\t<\/div>\n\t\t\t\t<\/div>\n\t\t\t\t<div class=\"elementor-element elementor-element-0cd226f elementor-drop-cap-yes elementor-drop-cap-view-default elementor-widget elementor-widget-text-editor\" data-id=\"0cd226f\" data-element_type=\"widget\" data-e-type=\"widget\" data-settings=\"{&quot;drop_cap&quot;:&quot;yes&quot;}\" data-widget_type=\"text-editor.default\">\n\t\t\t\t<div class=\"elementor-widget-container\">\n\t\t\t\t\t\t\t\t\t<div align=\"justify\"><p>B\u00f3l, kt\u00f3ry towarzyszy mi od wielu lat i problemy kosmetyczne, zwi\u0105zane z nadmiarem tkanki t\u0142uszczowej, to nie jedyne problemy z kt\u00f3rymi boryka\u0142am si\u0119 z powodu lipodemy. Pracuj\u0105c przez prawie 10 lat w gastronomii, nie nad\u0105\u017ca\u0142am za zespo\u0142em, nogi po wielogodzinnej pracy stoj\u0105cej odmawia\u0142y mi pos\u0142usze\u0144stwa, nie chcia\u0142y wsp\u00f3\u0142pracowa\u0107 ze mn\u0105, nie by\u0142am w stanie wywi\u0105zywa\u0107 si\u0119 ze swoich obowi\u0105zk\u00f3w i nad\u0105\u017ca\u0107 z nimi. Nogi by\u0142y ci\u0119\u017ckie, powolne i bol\u0105ce. Dodatkowo, praca 12-godzinna w spodniach od mundurku by\u0142a nie do zniesienia, gdy nogi mi puch\u0142y czu\u0142am si\u0119 niekomfortowo we w\u0142asnym ubraniu. Bardzo niemi\u0142o wspominam ten czas. Dodam tylko, \u017ce by\u0142 to r\u00f3wnie\u017c czas mojej drugiej ci\u0105\u017cy. Organizm ledwo dawa\u0142 rad\u0119.<\/p><\/div>\t\t\t\t\t\t\t\t<\/div>\n\t\t\t\t<\/div>\n\t\t\t\t\t<\/div>\n\t\t<\/div>\n\t\t\t\t\t<\/div>\n\t\t<\/section>\n\t\t\t\t<\/div>\n\t\t","protected":false},"excerpt":{"rendered":"<p>Olga, I-II stadium lipoedemy Moje nogi zmieni\u0142y si\u0119 w okresie dojrzewania. Dla nastolatki to trudny moment, czu\u0142am si\u0119 nieakceptowana. Od koleg\u00f3w s\u0142ysza\u0142am: &#8222;idzie ta, co ma dup\u0119 jak trzy drzwiowa szafa&#8221;. Pr\u00f3bowa\u0142am r\u00f3\u017cnych diet, \u0107wicze\u0144 &#8211; bez efektu&#8230; U g\u00f3ry same ko\u015bci, nogi dalej dwa rozmiary wi\u0119ksze. Nauczy\u0142am si\u0119 z tym \u017cy\u0107, nosi\u0107 d\u0142u\u017csze tuniki, [&hellip;]<\/p>\n","protected":false},"author":7,"featured_media":0,"parent":0,"menu_order":0,"comment_status":"closed","ping_status":"closed","template":"","meta":{"footnotes":""},"class_list":["post-1604","page","type-page","status-publish","hentry"],"blocksy_meta":[],"_links":{"self":[{"href":"https:\/\/sos-lipoedema.pl\/index.php?rest_route=\/wp\/v2\/pages\/1604","targetHints":{"allow":["GET"]}}],"collection":[{"href":"https:\/\/sos-lipoedema.pl\/index.php?rest_route=\/wp\/v2\/pages"}],"about":[{"href":"https:\/\/sos-lipoedema.pl\/index.php?rest_route=\/wp\/v2\/types\/page"}],"author":[{"embeddable":true,"href":"https:\/\/sos-lipoedema.pl\/index.php?rest_route=\/wp\/v2\/users\/7"}],"replies":[{"embeddable":true,"href":"https:\/\/sos-lipoedema.pl\/index.php?rest_route=%2Fwp%2Fv2%2Fcomments&post=1604"}],"version-history":[{"count":31,"href":"https:\/\/sos-lipoedema.pl\/index.php?rest_route=\/wp\/v2\/pages\/1604\/revisions"}],"predecessor-version":[{"id":2065,"href":"https:\/\/sos-lipoedema.pl\/index.php?rest_route=\/wp\/v2\/pages\/1604\/revisions\/2065"}],"wp:attachment":[{"href":"https:\/\/sos-lipoedema.pl\/index.php?rest_route=%2Fwp%2Fv2%2Fmedia&parent=1604"}],"curies":[{"name":"wp","href":"https:\/\/api.w.org\/{rel}","templated":true}]}}