{"id":378,"date":"2020-12-01T13:10:16","date_gmt":"2020-12-01T13:10:16","guid":{"rendered":"https:\/\/sos-lipoedema.pl\/?page_id=378"},"modified":"2021-12-23T14:13:16","modified_gmt":"2021-12-23T14:13:16","slug":"koncultacje","status":"publish","type":"page","link":"https:\/\/sos-lipoedema.pl\/?page_id=378","title":{"rendered":"Konsultacje online"},"content":{"rendered":"\t\t<div data-elementor-type=\"wp-page\" data-elementor-id=\"378\" class=\"elementor elementor-378\" data-elementor-post-type=\"page\">\n\t\t\t\t\t\t<section class=\"elementor-section elementor-top-section elementor-element elementor-element-7251bee8 elementor-section-boxed elementor-section-height-default elementor-section-height-default\" data-id=\"7251bee8\" data-element_type=\"section\" data-e-type=\"section\">\n\t\t\t\t\t\t<div class=\"elementor-container elementor-column-gap-default\">\n\t\t\t\t\t<div class=\"elementor-column elementor-col-100 elementor-top-column elementor-element elementor-element-77500aa4\" data-id=\"77500aa4\" data-element_type=\"column\" data-e-type=\"column\">\n\t\t\t<div class=\"elementor-widget-wrap elementor-element-populated\">\n\t\t\t\t\t\t<div class=\"elementor-element elementor-element-1dce107 elementor-widget elementor-widget-image\" data-id=\"1dce107\" data-element_type=\"widget\" data-e-type=\"widget\" data-widget_type=\"image.default\">\n\t\t\t\t<div class=\"elementor-widget-container\">\n\t\t\t\t\t\t\t\t\t\t\t\t\t\t\t<img fetchpriority=\"high\" decoding=\"async\" width=\"1024\" height=\"683\" src=\"https:\/\/sos-lipoedema.pl\/wp-content\/uploads\/2021\/02\/helena-lopes-RgPQNvoIcdg-unsplash-1024x683.jpg\" class=\"attachment-large size-large wp-image-853\" alt=\"\" srcset=\"https:\/\/sos-lipoedema.pl\/wp-content\/uploads\/2021\/02\/helena-lopes-RgPQNvoIcdg-unsplash-1024x683.jpg 1024w, https:\/\/sos-lipoedema.pl\/wp-content\/uploads\/2021\/02\/helena-lopes-RgPQNvoIcdg-unsplash-300x200.jpg 300w, https:\/\/sos-lipoedema.pl\/wp-content\/uploads\/2021\/02\/helena-lopes-RgPQNvoIcdg-unsplash-768x512.jpg 768w, https:\/\/sos-lipoedema.pl\/wp-content\/uploads\/2021\/02\/helena-lopes-RgPQNvoIcdg-unsplash-1536x1024.jpg 1536w, https:\/\/sos-lipoedema.pl\/wp-content\/uploads\/2021\/02\/helena-lopes-RgPQNvoIcdg-unsplash-2048x1365.jpg 2048w, https:\/\/sos-lipoedema.pl\/wp-content\/uploads\/2021\/02\/helena-lopes-RgPQNvoIcdg-unsplash-1140x760.jpg 1140w\" sizes=\"(max-width: 1024px) 100vw, 1024px\" \/>\t\t\t\t\t\t\t\t\t\t\t\t\t\t\t<\/div>\n\t\t\t\t<\/div>\n\t\t\t\t<div class=\"elementor-element elementor-element-7c6f9cb5 elementor-widget elementor-widget-text-editor\" data-id=\"7c6f9cb5\" data-element_type=\"widget\" data-e-type=\"widget\" data-widget_type=\"text-editor.default\">\n\t\t\t\t<div class=\"elementor-widget-container\">\n\t\t\t\t\t\t\t\t\t<p style=\"line-height: 2; text-indent: 7%;\" align=\"justify\">Wychodz\u0105c naprzeciw kobietom dotkni\u0119tym obrz\u0119kiem t\u0142uszczowym, kt\u00f3re ju\u017c pozna\u0142y nasze grupy tematyczne, jak r\u00f3wnie\u017c tym, kt\u00f3re chc\u0105 sobie pom\u00f3c, ale nie maj\u0105 czasu na przegl\u0105danie wszystkich post\u00f3w, postanowi\u0142y\u015bmy w\u0142\u0105czy\u0107 opcj\u0119 szybkiego, bezpo\u015bredniego kontaktu. Naszym celem jest kompleksowa pomoc dietetyczna oraz fizjoterapeutyczna. Kontaktuj\u0105c si\u0119 z nami, mo\u017cesz by\u0107 pewna, \u017ce poczujesz si\u0119 bezpiecznie, b\u0119dziesz wys\u0142uchana i zrozumiana. Podzielimy si\u0119 z Tob\u0105 wiedz\u0105 zdobyt\u0105 na studiach, licznych szkoleniach i kursach. A przede wszystkim wiedz\u0105, kt\u00f3r\u0105 zdoby\u0142y\u015bmy pomagaj\u0105c takim w\u0142a\u015bnie osobom jak Ty. Mo\u017cesz by\u0107 pewna, \u017ce po rozmowie z nami, Twoja Lipoedema stanie si\u0119 bardziej zrozumia\u0142a i \u0142atwiej b\u0119dzie z ni\u0105 \u017cy\u0107.<\/p>\n\n<h2 style=\"line-height: 2;\" align=\"center\">Jak to dzia\u0142a?<\/h2>\n<p style=\"line-height: 2;\" align=\"justify\">1. Wybierz specjalist\u0119, z kt\u00f3rym chcesz si\u0119 skonsultowa\u0107.<\/p>\n<p style=\"line-height: 2;\" align=\"justify\">2. Wybierz dogodny termin teleporady i uzgodnij jej form\u0119 (telefon, aplikacja medyczna).<\/p>\n<p style=\"line-height: 2;\" align=\"justify\">3. Kr\u00f3tko przedstaw telefonicznie lub opisz mailowo sw\u00f3j problem zdrowotny.<\/p>\n<p style=\"line-height: 2;\" align=\"justify\">4. Dokonaj p\u0142atno\u015bci za um\u00f3wion\u0105 wizyt\u0119 (wp\u0142ata z g\u00f3ry jest gwarancj\u0105 zarezerwowanego miejsca).<\/p>\n<p style=\"line-height: 2;\" align=\"justify\">5. Korzystaj ze wsparcia specjalist\u00f3w! :)<\/p>\n\n<h2 style=\"line-height: 2;\" align=\"center\">Dlaczego warto?<\/h2>\n<p style=\"line-height: 2; text-indent: 7%;\" align=\"justify\">Jedn\u0105 z najwi\u0119kszych zalet takich konsultacji, jest oczywi\u015bcie wygoda. Od prawie roku jest to bardzo popularna metoda, stosowana przez lekarzy i specjalist\u00f3w, publicznej jak i niepublicznej s\u0142u\u017cby zdrowia. Nie tracisz czasu i pieni\u0119dzy na dojazd. W jednym miejscu spotkasz specjalist\u00f3w ze wszystkich dziedzin terapii potrzebnych do kompleksowego zmierzenia si\u0119 z obrz\u0119kiem t\u0142uszczowym. Otrzymasz plan dzia\u0142ania, kt\u00f3ry spokojnie zrealizujesz w domowym zaciszu. Skorzystaj z\u00a0 konsultacji i dowiedz si\u0119 jak zadba\u0107 o swoje zdrowie!<\/p>\n\n<h2 style=\"line-height: 2;\" align=\"center\">Czy konsultacja online jest bezpieczna?<\/h2>\n<p style=\"line-height: 2; text-indent: 7%;\" align=\"justify\">Rozmawiasz z profesjonalnymi osobami, zajmuj\u0105cymi si\u0119 tematem Lipoedemy. W przypadku zidentyfikowania niepokoj\u0105cych objaw\u00f3w, zostaniesz poproszona o dodatkowe badania b\u0105d\u017a o wizyt\u0119 u konkretnego specjalisty.<\/p>\n\t\t\t\t\t\t\t\t<\/div>\n\t\t\t\t<\/div>\n\t\t\t\t\t<\/div>\n\t\t<\/div>\n\t\t\t\t\t<\/div>\n\t\t<\/section>\n\t\t\t\t<section class=\"elementor-section elementor-top-section elementor-element elementor-element-ce7dfc3 elementor-section-boxed elementor-section-height-default elementor-section-height-default\" data-id=\"ce7dfc3\" data-element_type=\"section\" data-e-type=\"section\">\n\t\t\t\t\t\t<div class=\"elementor-container elementor-column-gap-default\">\n\t\t\t\t\t<div class=\"elementor-column elementor-col-50 elementor-top-column elementor-element elementor-element-3965032\" data-id=\"3965032\" data-element_type=\"column\" data-e-type=\"column\">\n\t\t\t<div class=\"elementor-widget-wrap elementor-element-populated\">\n\t\t\t\t\t\t<div class=\"elementor-element elementor-element-b097ecc elementor-widget elementor-widget-image\" data-id=\"b097ecc\" data-element_type=\"widget\" data-e-type=\"widget\" data-widget_type=\"image.default\">\n\t\t\t\t<div class=\"elementor-widget-container\">\n\t\t\t\t\t\t\t\t\t\t\t\t\t\t\t<img decoding=\"async\" width=\"640\" height=\"640\" src=\"https:\/\/sos-lipoedema.pl\/wp-content\/uploads\/2021\/02\/ben-kolde-FaPxZ88yZrw-unsplash.jpg\" class=\"attachment-medium_large size-medium_large wp-image-875\" alt=\"\" srcset=\"https:\/\/sos-lipoedema.pl\/wp-content\/uploads\/2021\/02\/ben-kolde-FaPxZ88yZrw-unsplash.jpg 640w, https:\/\/sos-lipoedema.pl\/wp-content\/uploads\/2021\/02\/ben-kolde-FaPxZ88yZrw-unsplash-300x300.jpg 300w, https:\/\/sos-lipoedema.pl\/wp-content\/uploads\/2021\/02\/ben-kolde-FaPxZ88yZrw-unsplash-150x150.jpg 150w, https:\/\/sos-lipoedema.pl\/wp-content\/uploads\/2021\/02\/ben-kolde-FaPxZ88yZrw-unsplash-75x75.jpg 75w\" sizes=\"(max-width: 640px) 100vw, 640px\" \/>\t\t\t\t\t\t\t\t\t\t\t\t\t\t\t<\/div>\n\t\t\t\t<\/div>\n\t\t\t\t\t<\/div>\n\t\t<\/div>\n\t\t\t\t<div class=\"elementor-column elementor-col-50 elementor-top-column elementor-element elementor-element-e63a722\" data-id=\"e63a722\" data-element_type=\"column\" data-e-type=\"column\">\n\t\t\t<div class=\"elementor-widget-wrap elementor-element-populated\">\n\t\t\t\t\t\t<div class=\"elementor-element elementor-element-a39d707 elementor-widget elementor-widget-text-editor\" data-id=\"a39d707\" data-element_type=\"widget\" data-e-type=\"widget\" data-widget_type=\"text-editor.default\">\n\t\t\t\t<div class=\"elementor-widget-container\">\n\t\t\t\t\t\t\t\t\t<h2 style=\"line-height: 2;\" align=\"left\">Nasi specjali\u015bci:<\/h2>\n<p style=\"text-indent: 3%;\" align=\"justify\"><strong>Dietetyka:<\/strong><\/p>\n\n<ul style=\"line-height: 3;\">\n \t<li><i>Magdalena Jerzak:<\/i> <a href=\"mailto:magdalena@sos-lipoedema.pl\">magdalena@sos-lipoedema.pl<\/a><\/li>\n<\/ul>\n<p style=\"text-indent: 3%;\" align=\"justify\"><strong>Dob\u00f3r i sprzeda\u017c kompresji medycznej:<\/strong><\/p>\n\n<ul>\n \t<li><i>Dorota Stettler:<\/i> <a href=\"mailto:dorota@sos-lipoedema.pl\">dorota@sos-lipoedema.pl<\/a>, tel: 881 636 364<\/li>\n<\/ul>\n<p style=\"text-indent: 3%;\" align=\"justify\"><strong>Plany trening\u00f3w indywidualnych:<\/strong><\/p>\n\n<ul style=\"line-height: 3;\">\n \t<li><i>Monika Domaga\u0142a:<\/i> <a href=\"mailto:monika@sos-lipoedema.pl\">monika@sos-lipoedema.pl<\/a>, tel: 500 055 056<\/li>\n<li><i>Beata Bry\u015b:<\/i> <a href=\"mailto:beata@sos-lipoedema.pl\">beata@sos-lipoedema.pl<\/a>, tel: 515 994 886<\/li>\n<\/ul>\t\t\t\t\t\t\t\t<\/div>\n\t\t\t\t<\/div>\n\t\t\t\t\t<\/div>\n\t\t<\/div>\n\t\t\t\t\t<\/div>\n\t\t<\/section>\n\t\t\t\t<\/div>\n\t\t","protected":false},"excerpt":{"rendered":"<p>Wychodz\u0105c naprzeciw kobietom dotkni\u0119tym obrz\u0119kiem t\u0142uszczowym, kt\u00f3re ju\u017c pozna\u0142y nasze grupy tematyczne, jak r\u00f3wnie\u017c tym, kt\u00f3re chc\u0105 sobie pom\u00f3c, ale nie maj\u0105 czasu na przegl\u0105danie wszystkich post\u00f3w, postanowi\u0142y\u015bmy w\u0142\u0105czy\u0107 opcj\u0119 szybkiego, bezpo\u015bredniego kontaktu. Naszym celem jest kompleksowa pomoc dietetyczna oraz fizjoterapeutyczna. Kontaktuj\u0105c si\u0119 z nami, mo\u017cesz by\u0107 pewna, \u017ce poczujesz si\u0119 bezpiecznie, b\u0119dziesz wys\u0142uchana i [&hellip;]<\/p>\n","protected":false},"author":7,"featured_media":0,"parent":0,"menu_order":0,"comment_status":"closed","ping_status":"closed","template":"","meta":{"footnotes":""},"class_list":["post-378","page","type-page","status-publish","hentry"],"blocksy_meta":[],"_links":{"self":[{"href":"https:\/\/sos-lipoedema.pl\/index.php?rest_route=\/wp\/v2\/pages\/378","targetHints":{"allow":["GET"]}}],"collection":[{"href":"https:\/\/sos-lipoedema.pl\/index.php?rest_route=\/wp\/v2\/pages"}],"about":[{"href":"https:\/\/sos-lipoedema.pl\/index.php?rest_route=\/wp\/v2\/types\/page"}],"author":[{"embeddable":true,"href":"https:\/\/sos-lipoedema.pl\/index.php?rest_route=\/wp\/v2\/users\/7"}],"replies":[{"embeddable":true,"href":"https:\/\/sos-lipoedema.pl\/index.php?rest_route=%2Fwp%2Fv2%2Fcomments&post=378"}],"version-history":[{"count":75,"href":"https:\/\/sos-lipoedema.pl\/index.php?rest_route=\/wp\/v2\/pages\/378\/revisions"}],"predecessor-version":[{"id":2435,"href":"https:\/\/sos-lipoedema.pl\/index.php?rest_route=\/wp\/v2\/pages\/378\/revisions\/2435"}],"wp:attachment":[{"href":"https:\/\/sos-lipoedema.pl\/index.php?rest_route=%2Fwp%2Fv2%2Fmedia&parent=378"}],"curies":[{"name":"wp","href":"https:\/\/api.w.org\/{rel}","templated":true}]}}